{"id":422,"date":"2026-02-08T21:12:31","date_gmt":"2026-02-08T21:12:31","guid":{"rendered":"https:\/\/edroz-design.site\/wallet\/?page_id=422"},"modified":"2026-02-19T23:45:37","modified_gmt":"2026-02-19T23:45:37","slug":"sobre-nosotros","status":"publish","type":"page","link":"https:\/\/agente-pagos-recargas.com\/index.php\/sobre-nosotros\/","title":{"rendered":"Sobre Nosotros"},"content":{"rendered":"\t\t<div data-elementor-type=\"wp-page\" data-elementor-id=\"422\" class=\"elementor elementor-422\" data-elementor-post-type=\"page\">\n\t\t\t\t\t\t<section class=\"elementor-section elementor-top-section elementor-element elementor-element-a7ac2d0 elementor-section-boxed elementor-section-height-default elementor-section-height-default\" data-id=\"a7ac2d0\" data-element_type=\"section\" data-e-type=\"section\">\n\t\t\t\t\t\t<div class=\"elementor-container elementor-column-gap-default\">\n\t\t\t\t\t<div class=\"elementor-column elementor-col-100 elementor-top-column elementor-element elementor-element-a8a515c\" data-id=\"a8a515c\" data-element_type=\"column\" data-e-type=\"column\">\n\t\t\t<div class=\"elementor-widget-wrap elementor-element-populated\">\n\t\t\t\t\t\t<section class=\"elementor-section elementor-inner-section elementor-element elementor-element-3227cda elementor-section-boxed elementor-section-height-default elementor-section-height-default\" data-id=\"3227cda\" data-element_type=\"section\" data-e-type=\"section\">\n\t\t\t\t\t\t<div class=\"elementor-container elementor-column-gap-default\">\n\t\t\t\t\t<div class=\"elementor-column elementor-col-50 elementor-inner-column elementor-element elementor-element-08414a4\" data-id=\"08414a4\" data-element_type=\"column\" data-e-type=\"column\">\n\t\t\t<div class=\"elementor-widget-wrap elementor-element-populated\">\n\t\t\t\t\t\t<div class=\"elementor-element elementor-element-8902b44 elementor-widget elementor-widget-heading\" data-id=\"8902b44\" data-element_type=\"widget\" data-e-type=\"widget\" data-widget_type=\"heading.default\">\n\t\t\t\t\t<h2 class=\"elementor-heading-title elementor-size-default\">Sobre Nosotros<\/h2>\t\t\t\t<\/div>\n\t\t\t\t<div class=\"elementor-element elementor-element-42db2b0 elementor-widget elementor-widget-text-editor\" data-id=\"42db2b0\" data-element_type=\"widget\" data-e-type=\"widget\" data-widget_type=\"text-editor.default\">\n\t\t\t\t\t\t\t\t\t<p>Somos una red de multiservicios m\u00e1s confiable del pa\u00eds. Desde hace m\u00e1s de 10 a\u00f1os, brindamos soluciones financieras y de pago a millones de personas.<\/p><p>Nuestra misi\u00f3n es democratizar el acceso a servicios bancarios y de pago, permitiendo que cualquier persona con un peque\u00f1o negocio pueda generar ingresos adicionales siendo parte de nuestra red.<\/p><div class=\"flex items-start\"><div><h4 class=\"font-bold text-gray-800\">Confianza<\/h4><p class=\"text-gray-600\">Todas las transacciones son transparentes<\/p><\/div><\/div><div class=\"flex items-start\"><div><h4>Experiencia<\/h4><p class=\"text-gray-600\">M\u00e1s de una d\u00e9cada sirviendo a la comunidad<\/p><\/div><\/div><div class=\"flex items-start\"><div><h4 class=\"font-bold text-gray-800\">Apoyo<\/h4><p class=\"text-gray-600\">Capacitaci\u00f3n y soporte 24\/7 para nuestros agentes<\/p><\/div><\/div>\t\t\t\t\t\t\t\t<\/div>\n\t\t\t\t\t<\/div>\n\t\t<\/div>\n\t\t\t\t<div class=\"elementor-column elementor-col-50 elementor-inner-column elementor-element elementor-element-e4cda7a\" data-id=\"e4cda7a\" data-element_type=\"column\" data-e-type=\"column\" data-settings=\"{&quot;background_background&quot;:&quot;classic&quot;}\">\n\t\t\t<div class=\"elementor-widget-wrap elementor-element-populated\">\n\t\t\t\t\t\t<div class=\"elementor-element elementor-element-d3ce646 elementor-widget elementor-widget-heading\" data-id=\"d3ce646\" data-element_type=\"widget\" data-e-type=\"widget\" data-widget_type=\"heading.default\">\n\t\t\t\t\t<h2 class=\"elementor-heading-title elementor-size-default\">Nuestros N\u00fameros\n<\/h2>\t\t\t\t<\/div>\n\t\t\t\t<div class=\"elementor-element elementor-element-65ba072 elementor-widget elementor-widget-icon-box\" data-id=\"65ba072\" data-element_type=\"widget\" data-e-type=\"widget\" data-widget_type=\"icon-box.default\">\n\t\t\t\t\t\t\t<div class=\"elementor-icon-box-wrapper\">\n\n\t\t\t\n\t\t\t\t\t\t<div class=\"elementor-icon-box-content\">\n\n\t\t\t\t\t\t\t\t\t<h3 class=\"elementor-icon-box-title\">\n\t\t\t\t\t\t<span  >\n\t\t\t\t\t\t\t318+\t\t\t\t\t\t<\/span>\n\t\t\t\t\t<\/h3>\n\t\t\t\t\n\t\t\t\t\t\t\t\t\t<p class=\"elementor-icon-box-description\">\n\t\t\t\t\t\tAgentes activos\t\t\t\t\t<\/p>\n\t\t\t\t\n\t\t\t<\/div>\n\t\t\t\n\t\t<\/div>\n\t\t\t\t\t\t<\/div>\n\t\t\t\t<div class=\"elementor-element elementor-element-1f94508 elementor-widget elementor-widget-icon-box\" data-id=\"1f94508\" data-element_type=\"widget\" data-e-type=\"widget\" data-widget_type=\"icon-box.default\">\n\t\t\t\t\t\t\t<div class=\"elementor-icon-box-wrapper\">\n\n\t\t\t\n\t\t\t\t\t\t<div class=\"elementor-icon-box-content\">\n\n\t\t\t\t\t\t\t\t\t<h3 class=\"elementor-icon-box-title\">\n\t\t\t\t\t\t<span  >\n\t\t\t\t\t\t\t5 k+\t\t\t\t\t\t<\/span>\n\t\t\t\t\t<\/h3>\n\t\t\t\t\n\t\t\t\t\t\t\t\t\t<p class=\"elementor-icon-box-description\">\n\t\t\t\t\t\tTransacciones mensuales\t\t\t\t\t<\/p>\n\t\t\t\t\n\t\t\t<\/div>\n\t\t\t\n\t\t<\/div>\n\t\t\t\t\t\t<\/div>\n\t\t\t\t<div class=\"elementor-element elementor-element-8e9658e elementor-widget elementor-widget-icon-box\" data-id=\"8e9658e\" data-element_type=\"widget\" data-e-type=\"widget\" data-widget_type=\"icon-box.default\">\n\t\t\t\t\t\t\t<div class=\"elementor-icon-box-wrapper\">\n\n\t\t\t\n\t\t\t\t\t\t<div class=\"elementor-icon-box-content\">\n\n\t\t\t\t\t\t\t\t\t<h3 class=\"elementor-icon-box-title\">\n\t\t\t\t\t\t<span  >\n\t\t\t\t\t\t\t24\/7\t\t\t\t\t\t<\/span>\n\t\t\t\t\t<\/h3>\n\t\t\t\t\n\t\t\t\t\t\t\t\t\t<p class=\"elementor-icon-box-description\">\n\t\t\t\t\t\tSoporte disponible\t\t\t\t\t<\/p>\n\t\t\t\t\n\t\t\t<\/div>\n\t\t\t\n\t\t<\/div>\n\t\t\t\t\t\t<\/div>\n\t\t\t\t\t<\/div>\n\t\t<\/div>\n\t\t\t\t\t<\/div>\n\t\t<\/section>\n\t\t\t\t\t<\/div>\n\t\t<\/div>\n\t\t\t\t\t<\/div>\n\t\t<\/section>\n\t\t\t\t<\/div>\n\t\t","protected":false},"excerpt":{"rendered":"<p>Sobre Nosotros Somos una red de multiservicios m\u00e1s confiable del pa\u00eds. Desde hace m\u00e1s de 10 a\u00f1os, brindamos soluciones financieras y de pago a millones de personas. Nuestra misi\u00f3n es democratizar el acceso a servicios bancarios y de pago, permitiendo que cualquier persona con un peque\u00f1o negocio pueda generar ingresos adicionales siendo parte de nuestra [&hellip;]<\/p>\n","protected":false},"author":1,"featured_media":0,"parent":0,"menu_order":0,"comment_status":"closed","ping_status":"closed","template":"elementor_header_footer","meta":{"footnotes":""},"class_list":["post-422","page","type-page","status-publish","hentry"],"_links":{"self":[{"href":"https:\/\/agente-pagos-recargas.com\/index.php\/wp-json\/wp\/v2\/pages\/422","targetHints":{"allow":["GET"]}}],"collection":[{"href":"https:\/\/agente-pagos-recargas.com\/index.php\/wp-json\/wp\/v2\/pages"}],"about":[{"href":"https:\/\/agente-pagos-recargas.com\/index.php\/wp-json\/wp\/v2\/types\/page"}],"author":[{"embeddable":true,"href":"https:\/\/agente-pagos-recargas.com\/index.php\/wp-json\/wp\/v2\/users\/1"}],"replies":[{"embeddable":true,"href":"https:\/\/agente-pagos-recargas.com\/index.php\/wp-json\/wp\/v2\/comments?post=422"}],"version-history":[{"count":3,"href":"https:\/\/agente-pagos-recargas.com\/index.php\/wp-json\/wp\/v2\/pages\/422\/revisions"}],"predecessor-version":[{"id":1641,"href":"https:\/\/agente-pagos-recargas.com\/index.php\/wp-json\/wp\/v2\/pages\/422\/revisions\/1641"}],"wp:attachment":[{"href":"https:\/\/agente-pagos-recargas.com\/index.php\/wp-json\/wp\/v2\/media?parent=422"}],"curies":[{"name":"wp","href":"https:\/\/api.w.org\/{rel}","templated":true}]}}